{"id":6,"date":"2017-01-17T08:32:56","date_gmt":"2017-01-17T07:32:56","guid":{"rendered":"http:\/\/www.immoprojekt-ulm.de\/?page_id=2"},"modified":"2019-02-12T17:00:43","modified_gmt":"2019-02-12T16:00:43","slug":"beispiel-seite-2","status":"publish","type":"page","link":"https:\/\/www.weltreisewerkstatt.de\/?page_id=6","title":{"rendered":"Unsere Leistungen"},"content":{"rendered":"<p>In den Unterpunkten dieses Men\u00fcs k\u00f6nnen Sie Eindr\u00fccke von den folgenden Leistungen ansehen:<\/p>\n<p><a href=\"http:\/\/www.weltreisewerkstatt.de\/?page_id=86\"><strong>Wohnkabinenbau \/ Expeditionsfahrzeugbau<\/strong><\/a><\/p>\n<p><strong><a href=\"http:\/\/www.weltreisewerkstatt.de\/?page_id=106\">Motoreninstandsetzung<\/a><\/strong><\/p>\n<p><strong><a href=\"http:\/\/www.weltreisewerkstatt.de\/?page_id=131\">Auspuffanlagen-Sonderanfertigungen<\/a><\/strong><\/p>\n<p><strong><a href=\"http:\/\/www.weltreisewerkstatt.de\/?page_id=242\">Turbonachr\u00fcstung \/ Kompressornachr\u00fcstung \/ Steuerger\u00e4teprogrammierung<\/a><\/strong><\/p>\n<p>\u00a0<\/p>\n\n\n<p><\/p>\n","protected":false},"excerpt":{"rendered":"<p>In den Unterpunkten dieses Men\u00fcs k\u00f6nnen Sie Eindr\u00fccke von den folgenden Leistungen ansehen: Wohnkabinenbau \/ Expeditionsfahrzeugbau Motoreninstandsetzung Auspuffanlagen-Sonderanfertigungen Turbonachr\u00fcstung \/ Kompressornachr\u00fcstung \/ Steuerger\u00e4teprogrammierung \u00a0<\/p>\n","protected":false},"author":1,"featured_media":0,"parent":0,"menu_order":0,"comment_status":"closed","ping_status":"open","template":"","meta":{"footnotes":""},"class_list":["post-6","page","type-page","status-publish","hentry"],"_links":{"self":[{"href":"https:\/\/www.weltreisewerkstatt.de\/index.php?rest_route=\/wp\/v2\/pages\/6","targetHints":{"allow":["GET"]}}],"collection":[{"href":"https:\/\/www.weltreisewerkstatt.de\/index.php?rest_route=\/wp\/v2\/pages"}],"about":[{"href":"https:\/\/www.weltreisewerkstatt.de\/index.php?rest_route=\/wp\/v2\/types\/page"}],"author":[{"embeddable":true,"href":"https:\/\/www.weltreisewerkstatt.de\/index.php?rest_route=\/wp\/v2\/users\/1"}],"replies":[{"embeddable":true,"href":"https:\/\/www.weltreisewerkstatt.de\/index.php?rest_route=%2Fwp%2Fv2%2Fcomments&post=6"}],"version-history":[{"count":6,"href":"https:\/\/www.weltreisewerkstatt.de\/index.php?rest_route=\/wp\/v2\/pages\/6\/revisions"}],"predecessor-version":[{"id":300,"href":"https:\/\/www.weltreisewerkstatt.de\/index.php?rest_route=\/wp\/v2\/pages\/6\/revisions\/300"}],"wp:attachment":[{"href":"https:\/\/www.weltreisewerkstatt.de\/index.php?rest_route=%2Fwp%2Fv2%2Fmedia&parent=6"}],"curies":[{"name":"wp","href":"https:\/\/api.w.org\/{rel}","templated":true}]}}