{"id":255,"date":"2019-02-11T22:06:25","date_gmt":"2019-02-11T21:06:25","guid":{"rendered":"http:\/\/www.weltreisewerkstatt.de\/?page_id=255"},"modified":"2019-02-12T17:04:40","modified_gmt":"2019-02-12T16:04:40","slug":"die-werkstatt","status":"publish","type":"page","link":"https:\/\/www.weltreisewerkstatt.de\/?page_id=255","title":{"rendered":"Die Werkstatt"},"content":{"rendered":"\n<p>Die Weltreisewerkstatt hat ihren Ursprung in 2011, als der Inhaber Philip Schuster mit seiner Frau zu einer Weltreise aufgebrochen ist. F\u00fcr diesen Zweck haben sie sich ihren ersten Toyota mit einem Klappschlafdach umgebaut. Von 2005 bis 2010 arbeitete Philip Schuster f\u00fcr Firmen an Fahrzeug- und Motorenrevisionen, Turbonachr\u00fcstungen und Steuerger\u00e4teprogrammierung. Nach Der R\u00fcckkehr der Reise 2012 erfolgte der erste Umzug der Werkstatt in ein angemietetes Industriegeb\u00e4ude um weltreisetaugliche Fahrzeuge herzustellen. 2014 wurde von einer weiteren Gesellschaft der Familie Schuster, der ImmoProJekt-Ulm GbR, eine Industriehalle in Dornstadt gebaut. In die neue Industriehalle ist die Weltreisewerkstatt 2015 eingezogen. Seit dem werden am Standort in Dornstadt Weltreisetr\u00e4ume auf vier R\u00e4dern verwirklicht.<br><br><\/p>\n\n\n\n<p><\/p>\n\n\n\n<ul class=\"wp-block-gallery columns-3 is-cropped wp-block-gallery-1 is-layout-flex wp-block-gallery-is-layout-flex\"><li class=\"blocks-gallery-item\"><figure><img loading=\"lazy\" decoding=\"async\" width=\"1024\" height=\"768\" src=\"http:\/\/www.weltreisewerkstatt.de\/wp-content\/uploads\/2019\/02\/IMG_20151219_120913-1-1024x768.jpg\" alt=\"\" data-id=\"260\" data-link=\"http:\/\/www.weltreisewerkstatt.de\/?attachment_id=260\" class=\"wp-image-260\" srcset=\"https:\/\/www.weltreisewerkstatt.de\/wp-content\/uploads\/2019\/02\/IMG_20151219_120913-1-1024x768.jpg 1024w, https:\/\/www.weltreisewerkstatt.de\/wp-content\/uploads\/2019\/02\/IMG_20151219_120913-1-150x113.jpg 150w, https:\/\/www.weltreisewerkstatt.de\/wp-content\/uploads\/2019\/02\/IMG_20151219_120913-1-300x225.jpg 300w, https:\/\/www.weltreisewerkstatt.de\/wp-content\/uploads\/2019\/02\/IMG_20151219_120913-1-768x576.jpg 768w, https:\/\/www.weltreisewerkstatt.de\/wp-content\/uploads\/2019\/02\/IMG_20151219_120913-1.jpg 1185w\" sizes=\"auto, (max-width: 1024px) 100vw, 1024px\" \/><\/figure><\/li><li class=\"blocks-gallery-item\"><figure><img loading=\"lazy\" decoding=\"async\" width=\"1024\" height=\"768\" src=\"http:\/\/www.weltreisewerkstatt.de\/wp-content\/uploads\/2019\/02\/IMG_20151010_091126-1024x768.jpg\" alt=\"\" data-id=\"259\" data-link=\"http:\/\/www.weltreisewerkstatt.de\/?attachment_id=259\" class=\"wp-image-259\" srcset=\"https:\/\/www.weltreisewerkstatt.de\/wp-content\/uploads\/2019\/02\/IMG_20151010_091126-1024x768.jpg 1024w, https:\/\/www.weltreisewerkstatt.de\/wp-content\/uploads\/2019\/02\/IMG_20151010_091126-150x113.jpg 150w, https:\/\/www.weltreisewerkstatt.de\/wp-content\/uploads\/2019\/02\/IMG_20151010_091126-300x225.jpg 300w, https:\/\/www.weltreisewerkstatt.de\/wp-content\/uploads\/2019\/02\/IMG_20151010_091126-768x576.jpg 768w, https:\/\/www.weltreisewerkstatt.de\/wp-content\/uploads\/2019\/02\/IMG_20151010_091126.jpg 1185w\" sizes=\"auto, (max-width: 1024px) 100vw, 1024px\" \/><\/figure><\/li><li class=\"blocks-gallery-item\"><figure><img loading=\"lazy\" decoding=\"async\" width=\"1024\" height=\"768\" src=\"http:\/\/www.weltreisewerkstatt.de\/wp-content\/uploads\/2019\/02\/IMG_20150604_210057-1024x768.jpg\" alt=\"\" data-id=\"258\" data-link=\"http:\/\/www.weltreisewerkstatt.de\/?attachment_id=258\" class=\"wp-image-258\" srcset=\"https:\/\/www.weltreisewerkstatt.de\/wp-content\/uploads\/2019\/02\/IMG_20150604_210057-1024x768.jpg 1024w, https:\/\/www.weltreisewerkstatt.de\/wp-content\/uploads\/2019\/02\/IMG_20150604_210057-150x113.jpg 150w, https:\/\/www.weltreisewerkstatt.de\/wp-content\/uploads\/2019\/02\/IMG_20150604_210057-300x225.jpg 300w, https:\/\/www.weltreisewerkstatt.de\/wp-content\/uploads\/2019\/02\/IMG_20150604_210057-768x576.jpg 768w, https:\/\/www.weltreisewerkstatt.de\/wp-content\/uploads\/2019\/02\/IMG_20150604_210057.jpg 1185w\" sizes=\"auto, (max-width: 1024px) 100vw, 1024px\" \/><\/figure><\/li><li class=\"blocks-gallery-item\"><figure><img loading=\"lazy\" decoding=\"async\" width=\"1024\" height=\"768\" src=\"http:\/\/www.weltreisewerkstatt.de\/wp-content\/uploads\/2019\/02\/20180608_173551-1024x768.jpg\" alt=\"\" data-id=\"257\" data-link=\"http:\/\/www.weltreisewerkstatt.de\/?attachment_id=257\" class=\"wp-image-257\" srcset=\"https:\/\/www.weltreisewerkstatt.de\/wp-content\/uploads\/2019\/02\/20180608_173551-1024x768.jpg 1024w, https:\/\/www.weltreisewerkstatt.de\/wp-content\/uploads\/2019\/02\/20180608_173551-150x113.jpg 150w, https:\/\/www.weltreisewerkstatt.de\/wp-content\/uploads\/2019\/02\/20180608_173551-300x225.jpg 300w, https:\/\/www.weltreisewerkstatt.de\/wp-content\/uploads\/2019\/02\/20180608_173551-768x576.jpg 768w, https:\/\/www.weltreisewerkstatt.de\/wp-content\/uploads\/2019\/02\/20180608_173551.jpg 1185w\" sizes=\"auto, (max-width: 1024px) 100vw, 1024px\" \/><\/figure><\/li><li class=\"blocks-gallery-item\"><figure><img loading=\"lazy\" decoding=\"async\" width=\"1024\" height=\"768\" src=\"http:\/\/www.weltreisewerkstatt.de\/wp-content\/uploads\/2019\/02\/IMG_20150524_225418-1024x768.jpg\" alt=\"\" data-id=\"79\" data-link=\"http:\/\/www.weltreisewerkstatt.de\/?attachment_id=79\" class=\"wp-image-79\" srcset=\"https:\/\/www.weltreisewerkstatt.de\/wp-content\/uploads\/2019\/02\/IMG_20150524_225418-1024x768.jpg 1024w, https:\/\/www.weltreisewerkstatt.de\/wp-content\/uploads\/2019\/02\/IMG_20150524_225418-300x225.jpg 300w, https:\/\/www.weltreisewerkstatt.de\/wp-content\/uploads\/2019\/02\/IMG_20150524_225418-768x576.jpg 768w, https:\/\/www.weltreisewerkstatt.de\/wp-content\/uploads\/2019\/02\/IMG_20150524_225418.jpg 1240w\" sizes=\"auto, (max-width: 1024px) 100vw, 1024px\" \/><\/figure><\/li><li class=\"blocks-gallery-item\"><figure><img loading=\"lazy\" decoding=\"async\" width=\"1024\" height=\"768\" src=\"http:\/\/www.weltreisewerkstatt.de\/wp-content\/uploads\/2019\/02\/IMG_20151010_091443-1024x768.jpg\" alt=\"\" data-id=\"80\" data-link=\"http:\/\/www.weltreisewerkstatt.de\/?attachment_id=80\" class=\"wp-image-80\" srcset=\"https:\/\/www.weltreisewerkstatt.de\/wp-content\/uploads\/2019\/02\/IMG_20151010_091443-1024x768.jpg 1024w, https:\/\/www.weltreisewerkstatt.de\/wp-content\/uploads\/2019\/02\/IMG_20151010_091443-300x225.jpg 300w, https:\/\/www.weltreisewerkstatt.de\/wp-content\/uploads\/2019\/02\/IMG_20151010_091443-768x576.jpg 768w, https:\/\/www.weltreisewerkstatt.de\/wp-content\/uploads\/2019\/02\/IMG_20151010_091443.jpg 1240w\" sizes=\"auto, (max-width: 1024px) 100vw, 1024px\" \/><\/figure><\/li><\/ul>\n","protected":false},"excerpt":{"rendered":"<p>Die Weltreisewerkstatt hat ihren Ursprung in 2011, als der Inhaber Philip Schuster mit seiner Frau zu einer Weltreise aufgebrochen ist. F\u00fcr diesen Zweck haben sie sich ihren ersten Toyota mit einem Klappschlafdach umgebaut. Von 2005 bis 2010 arbeitete Philip Schuster f\u00fcr Firmen an Fahrzeug- und Motorenrevisionen, Turbonachr\u00fcstungen und Steuerger\u00e4teprogrammierung. Nach Der R\u00fcckkehr der Reise 2012 [&hellip;]<\/p>\n","protected":false},"author":1,"featured_media":0,"parent":0,"menu_order":0,"comment_status":"closed","ping_status":"closed","template":"","meta":{"footnotes":""},"class_list":["post-255","page","type-page","status-publish","hentry"],"_links":{"self":[{"href":"https:\/\/www.weltreisewerkstatt.de\/index.php?rest_route=\/wp\/v2\/pages\/255","targetHints":{"allow":["GET"]}}],"collection":[{"href":"https:\/\/www.weltreisewerkstatt.de\/index.php?rest_route=\/wp\/v2\/pages"}],"about":[{"href":"https:\/\/www.weltreisewerkstatt.de\/index.php?rest_route=\/wp\/v2\/types\/page"}],"author":[{"embeddable":true,"href":"https:\/\/www.weltreisewerkstatt.de\/index.php?rest_route=\/wp\/v2\/users\/1"}],"replies":[{"embeddable":true,"href":"https:\/\/www.weltreisewerkstatt.de\/index.php?rest_route=%2Fwp%2Fv2%2Fcomments&post=255"}],"version-history":[{"count":6,"href":"https:\/\/www.weltreisewerkstatt.de\/index.php?rest_route=\/wp\/v2\/pages\/255\/revisions"}],"predecessor-version":[{"id":305,"href":"https:\/\/www.weltreisewerkstatt.de\/index.php?rest_route=\/wp\/v2\/pages\/255\/revisions\/305"}],"wp:attachment":[{"href":"https:\/\/www.weltreisewerkstatt.de\/index.php?rest_route=%2Fwp%2Fv2%2Fmedia&parent=255"}],"curies":[{"name":"wp","href":"https:\/\/api.w.org\/{rel}","templated":true}]}}