{"id":242,"date":"2019-02-11T21:45:55","date_gmt":"2019-02-11T20:45:55","guid":{"rendered":"http:\/\/www.weltreisewerkstatt.de\/?page_id=242"},"modified":"2019-02-12T08:51:55","modified_gmt":"2019-02-12T07:51:55","slug":"aufladung-steuergeraeteanpassung","status":"publish","type":"page","link":"https:\/\/www.weltreisewerkstatt.de\/?page_id=242","title":{"rendered":"Aufladung \/ Kennfeldanpassung"},"content":{"rendered":"\n<p>Zur Leistungssteigerung k\u00f6nnen wir auf Basis von fast allen Saugmotoren Turbo- oder Kompressoraufladungen realisieren. Je nach Fahrzeug k\u00f6nnen die Kennfelder nachtr\u00e4glich angepasst werden, um die korrekten Z\u00fcndungs- und Einspritzwerte zur neuen Peripherie des Motors zu liefern.<br><br><\/p>\n\n\n\n<ul class=\"wp-block-gallery columns-3 is-cropped wp-block-gallery-1 is-layout-flex wp-block-gallery-is-layout-flex\"><li class=\"blocks-gallery-item\"><figure><img loading=\"lazy\" decoding=\"async\" width=\"289\" height=\"217\" src=\"http:\/\/www.weltreisewerkstatt.de\/wp-content\/uploads\/2019\/02\/IMG_20151225_153217.jpg\" alt=\"\" data-id=\"247\" data-link=\"http:\/\/www.weltreisewerkstatt.de\/?attachment_id=247\" class=\"wp-image-247\" srcset=\"https:\/\/www.weltreisewerkstatt.de\/wp-content\/uploads\/2019\/02\/IMG_20151225_153217.jpg 289w, https:\/\/www.weltreisewerkstatt.de\/wp-content\/uploads\/2019\/02\/IMG_20151225_153217-150x113.jpg 150w\" sizes=\"auto, (max-width: 289px) 100vw, 289px\" \/><\/figure><\/li><li class=\"blocks-gallery-item\"><figure><img loading=\"lazy\" decoding=\"async\" width=\"667\" height=\"889\" src=\"http:\/\/www.weltreisewerkstatt.de\/wp-content\/uploads\/2019\/02\/IMG_20151225_153233.jpg\" alt=\"\" data-id=\"248\" data-link=\"http:\/\/www.weltreisewerkstatt.de\/?attachment_id=248\" class=\"wp-image-248\" srcset=\"https:\/\/www.weltreisewerkstatt.de\/wp-content\/uploads\/2019\/02\/IMG_20151225_153233.jpg 667w, https:\/\/www.weltreisewerkstatt.de\/wp-content\/uploads\/2019\/02\/IMG_20151225_153233-113x150.jpg 113w, https:\/\/www.weltreisewerkstatt.de\/wp-content\/uploads\/2019\/02\/IMG_20151225_153233-225x300.jpg 225w\" sizes=\"auto, (max-width: 667px) 100vw, 667px\" \/><\/figure><\/li><li class=\"blocks-gallery-item\"><figure><img loading=\"lazy\" decoding=\"async\" width=\"667\" height=\"889\" src=\"http:\/\/www.weltreisewerkstatt.de\/wp-content\/uploads\/2019\/02\/IMG_20150524_210459.jpg\" alt=\"\" data-id=\"246\" data-link=\"http:\/\/www.weltreisewerkstatt.de\/?attachment_id=246\" class=\"wp-image-246\" srcset=\"https:\/\/www.weltreisewerkstatt.de\/wp-content\/uploads\/2019\/02\/IMG_20150524_210459.jpg 667w, https:\/\/www.weltreisewerkstatt.de\/wp-content\/uploads\/2019\/02\/IMG_20150524_210459-113x150.jpg 113w, https:\/\/www.weltreisewerkstatt.de\/wp-content\/uploads\/2019\/02\/IMG_20150524_210459-225x300.jpg 225w\" sizes=\"auto, (max-width: 667px) 100vw, 667px\" \/><\/figure><\/li><li class=\"blocks-gallery-item\"><figure><img loading=\"lazy\" decoding=\"async\" width=\"1024\" height=\"768\" src=\"http:\/\/www.weltreisewerkstatt.de\/wp-content\/uploads\/2019\/02\/IMG_20150524_193141-1024x768.jpg\" alt=\"\" data-id=\"245\" data-link=\"http:\/\/www.weltreisewerkstatt.de\/?attachment_id=245\" class=\"wp-image-245\" srcset=\"https:\/\/www.weltreisewerkstatt.de\/wp-content\/uploads\/2019\/02\/IMG_20150524_193141-1024x768.jpg 1024w, https:\/\/www.weltreisewerkstatt.de\/wp-content\/uploads\/2019\/02\/IMG_20150524_193141-150x113.jpg 150w, https:\/\/www.weltreisewerkstatt.de\/wp-content\/uploads\/2019\/02\/IMG_20150524_193141-300x225.jpg 300w, https:\/\/www.weltreisewerkstatt.de\/wp-content\/uploads\/2019\/02\/IMG_20150524_193141-768x576.jpg 768w, https:\/\/www.weltreisewerkstatt.de\/wp-content\/uploads\/2019\/02\/IMG_20150524_193141.jpg 1185w\" sizes=\"auto, (max-width: 1024px) 100vw, 1024px\" \/><\/figure><\/li><li class=\"blocks-gallery-item\"><figure><img loading=\"lazy\" decoding=\"async\" width=\"1024\" height=\"768\" src=\"http:\/\/www.weltreisewerkstatt.de\/wp-content\/uploads\/2019\/02\/IMG_20150508_125327-1024x768.jpg\" alt=\"\" data-id=\"243\" data-link=\"http:\/\/www.weltreisewerkstatt.de\/?attachment_id=243\" class=\"wp-image-243\" srcset=\"https:\/\/www.weltreisewerkstatt.de\/wp-content\/uploads\/2019\/02\/IMG_20150508_125327-1024x768.jpg 1024w, https:\/\/www.weltreisewerkstatt.de\/wp-content\/uploads\/2019\/02\/IMG_20150508_125327-150x113.jpg 150w, https:\/\/www.weltreisewerkstatt.de\/wp-content\/uploads\/2019\/02\/IMG_20150508_125327-300x225.jpg 300w, https:\/\/www.weltreisewerkstatt.de\/wp-content\/uploads\/2019\/02\/IMG_20150508_125327-768x576.jpg 768w, https:\/\/www.weltreisewerkstatt.de\/wp-content\/uploads\/2019\/02\/IMG_20150508_125327.jpg 1185w\" sizes=\"auto, (max-width: 1024px) 100vw, 1024px\" \/><\/figure><\/li><li class=\"blocks-gallery-item\"><figure><img loading=\"lazy\" decoding=\"async\" width=\"1024\" height=\"768\" src=\"http:\/\/www.weltreisewerkstatt.de\/wp-content\/uploads\/2019\/02\/IMG_20150509_151715-1024x768.jpg\" alt=\"\" data-id=\"244\" data-link=\"http:\/\/www.weltreisewerkstatt.de\/?attachment_id=244\" class=\"wp-image-244\" srcset=\"https:\/\/www.weltreisewerkstatt.de\/wp-content\/uploads\/2019\/02\/IMG_20150509_151715-1024x768.jpg 1024w, https:\/\/www.weltreisewerkstatt.de\/wp-content\/uploads\/2019\/02\/IMG_20150509_151715-150x113.jpg 150w, https:\/\/www.weltreisewerkstatt.de\/wp-content\/uploads\/2019\/02\/IMG_20150509_151715-300x225.jpg 300w, https:\/\/www.weltreisewerkstatt.de\/wp-content\/uploads\/2019\/02\/IMG_20150509_151715-768x576.jpg 768w, https:\/\/www.weltreisewerkstatt.de\/wp-content\/uploads\/2019\/02\/IMG_20150509_151715.jpg 1185w\" sizes=\"auto, (max-width: 1024px) 100vw, 1024px\" \/><\/figure><\/li><\/ul>\n","protected":false},"excerpt":{"rendered":"<p>Zur Leistungssteigerung k\u00f6nnen wir auf Basis von fast allen Saugmotoren Turbo- oder Kompressoraufladungen realisieren. Je nach Fahrzeug k\u00f6nnen die Kennfelder nachtr\u00e4glich angepasst werden, um die korrekten Z\u00fcndungs- und Einspritzwerte zur neuen Peripherie des Motors zu liefern.<\/p>\n","protected":false},"author":1,"featured_media":0,"parent":0,"menu_order":0,"comment_status":"closed","ping_status":"closed","template":"","meta":{"footnotes":""},"class_list":["post-242","page","type-page","status-publish","hentry"],"_links":{"self":[{"href":"https:\/\/www.weltreisewerkstatt.de\/index.php?rest_route=\/wp\/v2\/pages\/242","targetHints":{"allow":["GET"]}}],"collection":[{"href":"https:\/\/www.weltreisewerkstatt.de\/index.php?rest_route=\/wp\/v2\/pages"}],"about":[{"href":"https:\/\/www.weltreisewerkstatt.de\/index.php?rest_route=\/wp\/v2\/types\/page"}],"author":[{"embeddable":true,"href":"https:\/\/www.weltreisewerkstatt.de\/index.php?rest_route=\/wp\/v2\/users\/1"}],"replies":[{"embeddable":true,"href":"https:\/\/www.weltreisewerkstatt.de\/index.php?rest_route=%2Fwp%2Fv2%2Fcomments&post=242"}],"version-history":[{"count":3,"href":"https:\/\/www.weltreisewerkstatt.de\/index.php?rest_route=\/wp\/v2\/pages\/242\/revisions"}],"predecessor-version":[{"id":276,"href":"https:\/\/www.weltreisewerkstatt.de\/index.php?rest_route=\/wp\/v2\/pages\/242\/revisions\/276"}],"wp:attachment":[{"href":"https:\/\/www.weltreisewerkstatt.de\/index.php?rest_route=%2Fwp%2Fv2%2Fmedia&parent=242"}],"curies":[{"name":"wp","href":"https:\/\/api.w.org\/{rel}","templated":true}]}}