{"id":131,"date":"2019-02-11T12:47:45","date_gmt":"2019-02-11T11:47:45","guid":{"rendered":"http:\/\/www.weltreisewerkstatt.de\/?page_id=131"},"modified":"2019-02-12T17:02:49","modified_gmt":"2019-02-12T16:02:49","slug":"edelstahl-auspuffanlagen","status":"publish","type":"page","link":"https:\/\/www.weltreisewerkstatt.de\/?page_id=131","title":{"rendered":"Edelstahl-Auspuffanlagen"},"content":{"rendered":"\n<p>Wir bauen Edelstahl-Auspuffanlagen als Sonderanfertigung. Bei Gel\u00e4ndew\u00e4gen nicht nur zur Leistungssteigerung sinnvoll, sondern auch zur Absenkung der Temperaturen im Motorraum. Ein r\u00fcckstaufreier Auspuff kann mehr W\u00e4rme abtransportieren.<br><br><\/p>\n\n\n\n<ul class=\"wp-block-gallery columns-3 is-cropped wp-block-gallery-1 is-layout-flex wp-block-gallery-is-layout-flex\"><li class=\"blocks-gallery-item\"><figure><img loading=\"lazy\" decoding=\"async\" width=\"698\" height=\"930\" src=\"http:\/\/www.weltreisewerkstatt.de\/wp-content\/uploads\/2019\/02\/20190204_183401.jpg\" alt=\"\" data-id=\"132\" data-link=\"http:\/\/www.weltreisewerkstatt.de\/?attachment_id=132\" class=\"wp-image-132\" srcset=\"https:\/\/www.weltreisewerkstatt.de\/wp-content\/uploads\/2019\/02\/20190204_183401.jpg 698w, https:\/\/www.weltreisewerkstatt.de\/wp-content\/uploads\/2019\/02\/20190204_183401-113x150.jpg 113w, https:\/\/www.weltreisewerkstatt.de\/wp-content\/uploads\/2019\/02\/20190204_183401-225x300.jpg 225w\" sizes=\"auto, (max-width: 698px) 100vw, 698px\" \/><\/figure><\/li><li class=\"blocks-gallery-item\"><figure><img loading=\"lazy\" decoding=\"async\" width=\"523\" height=\"930\" src=\"http:\/\/www.weltreisewerkstatt.de\/wp-content\/uploads\/2019\/02\/20190210_213237.jpg\" alt=\"\" data-id=\"133\" data-link=\"http:\/\/www.weltreisewerkstatt.de\/?attachment_id=133\" class=\"wp-image-133\" srcset=\"https:\/\/www.weltreisewerkstatt.de\/wp-content\/uploads\/2019\/02\/20190210_213237.jpg 523w, https:\/\/www.weltreisewerkstatt.de\/wp-content\/uploads\/2019\/02\/20190210_213237-84x150.jpg 84w, https:\/\/www.weltreisewerkstatt.de\/wp-content\/uploads\/2019\/02\/20190210_213237-169x300.jpg 169w\" sizes=\"auto, (max-width: 523px) 100vw, 523px\" \/><\/figure><\/li><li class=\"blocks-gallery-item\"><figure><img loading=\"lazy\" decoding=\"async\" width=\"1024\" height=\"576\" src=\"http:\/\/www.weltreisewerkstatt.de\/wp-content\/uploads\/2019\/02\/20190210_233142-1024x576.jpg\" alt=\"\" data-id=\"134\" data-link=\"http:\/\/www.weltreisewerkstatt.de\/?attachment_id=134\" class=\"wp-image-134\" srcset=\"https:\/\/www.weltreisewerkstatt.de\/wp-content\/uploads\/2019\/02\/20190210_233142-1024x576.jpg 1024w, https:\/\/www.weltreisewerkstatt.de\/wp-content\/uploads\/2019\/02\/20190210_233142-150x84.jpg 150w, https:\/\/www.weltreisewerkstatt.de\/wp-content\/uploads\/2019\/02\/20190210_233142-300x169.jpg 300w, https:\/\/www.weltreisewerkstatt.de\/wp-content\/uploads\/2019\/02\/20190210_233142-768x432.jpg 768w, https:\/\/www.weltreisewerkstatt.de\/wp-content\/uploads\/2019\/02\/20190210_233142.jpg 1654w\" sizes=\"auto, (max-width: 1024px) 100vw, 1024px\" \/><\/figure><\/li><li class=\"blocks-gallery-item\"><figure><img loading=\"lazy\" decoding=\"async\" width=\"1024\" height=\"768\" src=\"http:\/\/www.weltreisewerkstatt.de\/wp-content\/uploads\/2019\/02\/IMG_20150711_111021-1024x768.jpg\" alt=\"\" data-id=\"214\" data-link=\"http:\/\/www.weltreisewerkstatt.de\/?attachment_id=214\" class=\"wp-image-214\" srcset=\"https:\/\/www.weltreisewerkstatt.de\/wp-content\/uploads\/2019\/02\/IMG_20150711_111021-1024x768.jpg 1024w, https:\/\/www.weltreisewerkstatt.de\/wp-content\/uploads\/2019\/02\/IMG_20150711_111021-150x113.jpg 150w, https:\/\/www.weltreisewerkstatt.de\/wp-content\/uploads\/2019\/02\/IMG_20150711_111021-300x225.jpg 300w, https:\/\/www.weltreisewerkstatt.de\/wp-content\/uploads\/2019\/02\/IMG_20150711_111021-768x576.jpg 768w, https:\/\/www.weltreisewerkstatt.de\/wp-content\/uploads\/2019\/02\/IMG_20150711_111021.jpg 1185w\" sizes=\"auto, (max-width: 1024px) 100vw, 1024px\" \/><\/figure><\/li><li class=\"blocks-gallery-item\"><figure><img loading=\"lazy\" decoding=\"async\" width=\"1024\" height=\"768\" src=\"http:\/\/www.weltreisewerkstatt.de\/wp-content\/uploads\/2019\/02\/IMG_20150508_195505-1024x768.jpg\" alt=\"\" data-id=\"135\" data-link=\"http:\/\/www.weltreisewerkstatt.de\/?attachment_id=135\" class=\"wp-image-135\" srcset=\"https:\/\/www.weltreisewerkstatt.de\/wp-content\/uploads\/2019\/02\/IMG_20150508_195505-1024x768.jpg 1024w, https:\/\/www.weltreisewerkstatt.de\/wp-content\/uploads\/2019\/02\/IMG_20150508_195505-150x113.jpg 150w, https:\/\/www.weltreisewerkstatt.de\/wp-content\/uploads\/2019\/02\/IMG_20150508_195505-300x225.jpg 300w, https:\/\/www.weltreisewerkstatt.de\/wp-content\/uploads\/2019\/02\/IMG_20150508_195505-768x576.jpg 768w, https:\/\/www.weltreisewerkstatt.de\/wp-content\/uploads\/2019\/02\/IMG_20150508_195505.jpg 1240w\" sizes=\"auto, (max-width: 1024px) 100vw, 1024px\" \/><\/figure><\/li><li class=\"blocks-gallery-item\"><figure><img loading=\"lazy\" decoding=\"async\" width=\"1024\" height=\"768\" src=\"http:\/\/www.weltreisewerkstatt.de\/wp-content\/uploads\/2019\/02\/IMG_20150509_121503-1024x768.jpg\" alt=\"\" data-id=\"136\" data-link=\"http:\/\/www.weltreisewerkstatt.de\/?attachment_id=136\" class=\"wp-image-136\" srcset=\"https:\/\/www.weltreisewerkstatt.de\/wp-content\/uploads\/2019\/02\/IMG_20150509_121503-1024x768.jpg 1024w, https:\/\/www.weltreisewerkstatt.de\/wp-content\/uploads\/2019\/02\/IMG_20150509_121503-150x113.jpg 150w, https:\/\/www.weltreisewerkstatt.de\/wp-content\/uploads\/2019\/02\/IMG_20150509_121503-300x225.jpg 300w, https:\/\/www.weltreisewerkstatt.de\/wp-content\/uploads\/2019\/02\/IMG_20150509_121503-768x576.jpg 768w, https:\/\/www.weltreisewerkstatt.de\/wp-content\/uploads\/2019\/02\/IMG_20150509_121503.jpg 1240w\" sizes=\"auto, (max-width: 1024px) 100vw, 1024px\" \/><\/figure><\/li><li class=\"blocks-gallery-item\"><figure><img loading=\"lazy\" decoding=\"async\" width=\"1024\" height=\"768\" src=\"http:\/\/www.weltreisewerkstatt.de\/wp-content\/uploads\/2019\/02\/IMG_20150509_141111-1024x768.jpg\" alt=\"\" data-id=\"137\" data-link=\"http:\/\/www.weltreisewerkstatt.de\/?attachment_id=137\" class=\"wp-image-137\" srcset=\"https:\/\/www.weltreisewerkstatt.de\/wp-content\/uploads\/2019\/02\/IMG_20150509_141111-1024x768.jpg 1024w, https:\/\/www.weltreisewerkstatt.de\/wp-content\/uploads\/2019\/02\/IMG_20150509_141111-150x113.jpg 150w, https:\/\/www.weltreisewerkstatt.de\/wp-content\/uploads\/2019\/02\/IMG_20150509_141111-300x225.jpg 300w, https:\/\/www.weltreisewerkstatt.de\/wp-content\/uploads\/2019\/02\/IMG_20150509_141111-768x576.jpg 768w, https:\/\/www.weltreisewerkstatt.de\/wp-content\/uploads\/2019\/02\/IMG_20150509_141111.jpg 1240w\" sizes=\"auto, (max-width: 1024px) 100vw, 1024px\" \/><\/figure><\/li><li class=\"blocks-gallery-item\"><figure><img loading=\"lazy\" decoding=\"async\" width=\"1024\" height=\"768\" src=\"http:\/\/www.weltreisewerkstatt.de\/wp-content\/uploads\/2019\/02\/IMG_20150518_212327-1024x768.jpg\" alt=\"\" data-id=\"138\" data-link=\"http:\/\/www.weltreisewerkstatt.de\/?attachment_id=138\" class=\"wp-image-138\" srcset=\"https:\/\/www.weltreisewerkstatt.de\/wp-content\/uploads\/2019\/02\/IMG_20150518_212327-1024x768.jpg 1024w, https:\/\/www.weltreisewerkstatt.de\/wp-content\/uploads\/2019\/02\/IMG_20150518_212327-150x113.jpg 150w, https:\/\/www.weltreisewerkstatt.de\/wp-content\/uploads\/2019\/02\/IMG_20150518_212327-300x225.jpg 300w, https:\/\/www.weltreisewerkstatt.de\/wp-content\/uploads\/2019\/02\/IMG_20150518_212327-768x576.jpg 768w, https:\/\/www.weltreisewerkstatt.de\/wp-content\/uploads\/2019\/02\/IMG_20150518_212327.jpg 1240w\" sizes=\"auto, (max-width: 1024px) 100vw, 1024px\" \/><\/figure><\/li><li class=\"blocks-gallery-item\"><figure><img loading=\"lazy\" decoding=\"async\" width=\"1024\" height=\"768\" src=\"http:\/\/www.weltreisewerkstatt.de\/wp-content\/uploads\/2019\/02\/IMG_20150608_201125-1024x768.jpg\" alt=\"\" data-id=\"139\" data-link=\"http:\/\/www.weltreisewerkstatt.de\/?attachment_id=139\" class=\"wp-image-139\" srcset=\"https:\/\/www.weltreisewerkstatt.de\/wp-content\/uploads\/2019\/02\/IMG_20150608_201125-1024x768.jpg 1024w, https:\/\/www.weltreisewerkstatt.de\/wp-content\/uploads\/2019\/02\/IMG_20150608_201125-150x113.jpg 150w, https:\/\/www.weltreisewerkstatt.de\/wp-content\/uploads\/2019\/02\/IMG_20150608_201125-300x225.jpg 300w, https:\/\/www.weltreisewerkstatt.de\/wp-content\/uploads\/2019\/02\/IMG_20150608_201125-768x576.jpg 768w, https:\/\/www.weltreisewerkstatt.de\/wp-content\/uploads\/2019\/02\/IMG_20150608_201125.jpg 1240w\" sizes=\"auto, (max-width: 1024px) 100vw, 1024px\" \/><\/figure><\/li><li class=\"blocks-gallery-item\"><figure><img loading=\"lazy\" decoding=\"async\" width=\"698\" height=\"930\" src=\"http:\/\/www.weltreisewerkstatt.de\/wp-content\/uploads\/2019\/02\/IMG_20151008_201840.jpg\" alt=\"\" data-id=\"140\" data-link=\"http:\/\/www.weltreisewerkstatt.de\/?attachment_id=140\" class=\"wp-image-140\" srcset=\"https:\/\/www.weltreisewerkstatt.de\/wp-content\/uploads\/2019\/02\/IMG_20151008_201840.jpg 698w, https:\/\/www.weltreisewerkstatt.de\/wp-content\/uploads\/2019\/02\/IMG_20151008_201840-113x150.jpg 113w, https:\/\/www.weltreisewerkstatt.de\/wp-content\/uploads\/2019\/02\/IMG_20151008_201840-225x300.jpg 225w\" sizes=\"auto, (max-width: 698px) 100vw, 698px\" \/><\/figure><\/li><li class=\"blocks-gallery-item\"><figure><img loading=\"lazy\" decoding=\"async\" width=\"698\" height=\"930\" src=\"http:\/\/www.weltreisewerkstatt.de\/wp-content\/uploads\/2019\/02\/IMG_20151008_202724.jpg\" alt=\"\" data-id=\"141\" data-link=\"http:\/\/www.weltreisewerkstatt.de\/?attachment_id=141\" class=\"wp-image-141\" srcset=\"https:\/\/www.weltreisewerkstatt.de\/wp-content\/uploads\/2019\/02\/IMG_20151008_202724.jpg 698w, https:\/\/www.weltreisewerkstatt.de\/wp-content\/uploads\/2019\/02\/IMG_20151008_202724-113x150.jpg 113w, https:\/\/www.weltreisewerkstatt.de\/wp-content\/uploads\/2019\/02\/IMG_20151008_202724-225x300.jpg 225w\" sizes=\"auto, (max-width: 698px) 100vw, 698px\" \/><\/figure><\/li><li class=\"blocks-gallery-item\"><figure><img loading=\"lazy\" decoding=\"async\" width=\"1024\" height=\"575\" src=\"http:\/\/www.weltreisewerkstatt.de\/wp-content\/uploads\/2019\/02\/IMG_20161110_175619-1024x575.jpg\" alt=\"\" data-id=\"142\" data-link=\"http:\/\/www.weltreisewerkstatt.de\/?attachment_id=142\" class=\"wp-image-142\" srcset=\"https:\/\/www.weltreisewerkstatt.de\/wp-content\/uploads\/2019\/02\/IMG_20161110_175619-1024x575.jpg 1024w, https:\/\/www.weltreisewerkstatt.de\/wp-content\/uploads\/2019\/02\/IMG_20161110_175619-150x84.jpg 150w, https:\/\/www.weltreisewerkstatt.de\/wp-content\/uploads\/2019\/02\/IMG_20161110_175619-300x168.jpg 300w, https:\/\/www.weltreisewerkstatt.de\/wp-content\/uploads\/2019\/02\/IMG_20161110_175619-768x431.jpg 768w, https:\/\/www.weltreisewerkstatt.de\/wp-content\/uploads\/2019\/02\/IMG_20161110_175619.jpg 1656w\" sizes=\"auto, (max-width: 1024px) 100vw, 1024px\" \/><\/figure><\/li><li class=\"blocks-gallery-item\"><figure><img loading=\"lazy\" decoding=\"async\" width=\"1024\" height=\"575\" src=\"http:\/\/www.weltreisewerkstatt.de\/wp-content\/uploads\/2019\/02\/IMG_20161110_175656-1024x575.jpg\" alt=\"\" data-id=\"143\" data-link=\"http:\/\/www.weltreisewerkstatt.de\/?attachment_id=143\" class=\"wp-image-143\" srcset=\"https:\/\/www.weltreisewerkstatt.de\/wp-content\/uploads\/2019\/02\/IMG_20161110_175656-1024x575.jpg 1024w, https:\/\/www.weltreisewerkstatt.de\/wp-content\/uploads\/2019\/02\/IMG_20161110_175656-150x84.jpg 150w, https:\/\/www.weltreisewerkstatt.de\/wp-content\/uploads\/2019\/02\/IMG_20161110_175656-300x168.jpg 300w, https:\/\/www.weltreisewerkstatt.de\/wp-content\/uploads\/2019\/02\/IMG_20161110_175656-768x431.jpg 768w, https:\/\/www.weltreisewerkstatt.de\/wp-content\/uploads\/2019\/02\/IMG_20161110_175656.jpg 1656w\" sizes=\"auto, (max-width: 1024px) 100vw, 1024px\" \/><\/figure><\/li><li class=\"blocks-gallery-item\"><figure><img loading=\"lazy\" decoding=\"async\" width=\"1024\" height=\"576\" src=\"http:\/\/www.weltreisewerkstatt.de\/wp-content\/uploads\/2019\/02\/IMG-20150513-WA0002-1024x576.jpg\" alt=\"\" data-id=\"144\" data-link=\"http:\/\/www.weltreisewerkstatt.de\/?attachment_id=144\" class=\"wp-image-144\" srcset=\"https:\/\/www.weltreisewerkstatt.de\/wp-content\/uploads\/2019\/02\/IMG-20150513-WA0002-1024x576.jpg 1024w, https:\/\/www.weltreisewerkstatt.de\/wp-content\/uploads\/2019\/02\/IMG-20150513-WA0002-150x84.jpg 150w, https:\/\/www.weltreisewerkstatt.de\/wp-content\/uploads\/2019\/02\/IMG-20150513-WA0002-300x169.jpg 300w, https:\/\/www.weltreisewerkstatt.de\/wp-content\/uploads\/2019\/02\/IMG-20150513-WA0002-768x432.jpg 768w, https:\/\/www.weltreisewerkstatt.de\/wp-content\/uploads\/2019\/02\/IMG-20150513-WA0002.jpg 1280w\" sizes=\"auto, (max-width: 1024px) 100vw, 1024px\" \/><\/figure><\/li><li class=\"blocks-gallery-item\"><figure><img loading=\"lazy\" decoding=\"async\" width=\"1024\" height=\"575\" src=\"http:\/\/www.weltreisewerkstatt.de\/wp-content\/uploads\/2019\/02\/IMG_20150801_125336-1024x575.jpg\" alt=\"\" data-id=\"204\" data-link=\"http:\/\/www.weltreisewerkstatt.de\/?attachment_id=204\" class=\"wp-image-204\" srcset=\"https:\/\/www.weltreisewerkstatt.de\/wp-content\/uploads\/2019\/02\/IMG_20150801_125336-1024x575.jpg 1024w, https:\/\/www.weltreisewerkstatt.de\/wp-content\/uploads\/2019\/02\/IMG_20150801_125336-150x84.jpg 150w, https:\/\/www.weltreisewerkstatt.de\/wp-content\/uploads\/2019\/02\/IMG_20150801_125336-300x168.jpg 300w, https:\/\/www.weltreisewerkstatt.de\/wp-content\/uploads\/2019\/02\/IMG_20150801_125336-768x431.jpg 768w, https:\/\/www.weltreisewerkstatt.de\/wp-content\/uploads\/2019\/02\/IMG_20150801_125336.jpg 1560w\" sizes=\"auto, (max-width: 1024px) 100vw, 1024px\" \/><\/figure><\/li><li class=\"blocks-gallery-item\"><figure><img loading=\"lazy\" decoding=\"async\" width=\"1024\" height=\"768\" src=\"http:\/\/www.weltreisewerkstatt.de\/wp-content\/uploads\/2019\/02\/IMG_20151231_170200-1024x768.jpg\" alt=\"\" data-id=\"206\" data-link=\"http:\/\/www.weltreisewerkstatt.de\/?attachment_id=206\" class=\"wp-image-206\" srcset=\"https:\/\/www.weltreisewerkstatt.de\/wp-content\/uploads\/2019\/02\/IMG_20151231_170200-1024x768.jpg 1024w, https:\/\/www.weltreisewerkstatt.de\/wp-content\/uploads\/2019\/02\/IMG_20151231_170200-150x113.jpg 150w, https:\/\/www.weltreisewerkstatt.de\/wp-content\/uploads\/2019\/02\/IMG_20151231_170200-300x225.jpg 300w, https:\/\/www.weltreisewerkstatt.de\/wp-content\/uploads\/2019\/02\/IMG_20151231_170200-768x576.jpg 768w, https:\/\/www.weltreisewerkstatt.de\/wp-content\/uploads\/2019\/02\/IMG_20151231_170200.jpg 1185w\" sizes=\"auto, (max-width: 1024px) 100vw, 1024px\" \/><\/figure><\/li><li class=\"blocks-gallery-item\"><figure><img loading=\"lazy\" decoding=\"async\" width=\"667\" height=\"889\" src=\"http:\/\/www.weltreisewerkstatt.de\/wp-content\/uploads\/2019\/02\/IMG_20151230_065024.jpg\" alt=\"\" data-id=\"205\" data-link=\"http:\/\/www.weltreisewerkstatt.de\/?attachment_id=205\" class=\"wp-image-205\" srcset=\"https:\/\/www.weltreisewerkstatt.de\/wp-content\/uploads\/2019\/02\/IMG_20151230_065024.jpg 667w, https:\/\/www.weltreisewerkstatt.de\/wp-content\/uploads\/2019\/02\/IMG_20151230_065024-113x150.jpg 113w, https:\/\/www.weltreisewerkstatt.de\/wp-content\/uploads\/2019\/02\/IMG_20151230_065024-225x300.jpg 225w\" sizes=\"auto, (max-width: 667px) 100vw, 667px\" \/><\/figure><\/li><li class=\"blocks-gallery-item\"><figure><img loading=\"lazy\" decoding=\"async\" width=\"1024\" height=\"768\" src=\"http:\/\/www.weltreisewerkstatt.de\/wp-content\/uploads\/2019\/02\/IMG_20150711_111009-1024x768.jpg\" alt=\"\" data-id=\"213\" data-link=\"http:\/\/www.weltreisewerkstatt.de\/?attachment_id=213\" class=\"wp-image-213\" srcset=\"https:\/\/www.weltreisewerkstatt.de\/wp-content\/uploads\/2019\/02\/IMG_20150711_111009-1024x768.jpg 1024w, https:\/\/www.weltreisewerkstatt.de\/wp-content\/uploads\/2019\/02\/IMG_20150711_111009-150x113.jpg 150w, https:\/\/www.weltreisewerkstatt.de\/wp-content\/uploads\/2019\/02\/IMG_20150711_111009-300x225.jpg 300w, https:\/\/www.weltreisewerkstatt.de\/wp-content\/uploads\/2019\/02\/IMG_20150711_111009-768x576.jpg 768w, https:\/\/www.weltreisewerkstatt.de\/wp-content\/uploads\/2019\/02\/IMG_20150711_111009.jpg 1185w\" sizes=\"auto, (max-width: 1024px) 100vw, 1024px\" \/><\/figure><\/li><\/ul>\n","protected":false},"excerpt":{"rendered":"<p>Wir bauen Edelstahl-Auspuffanlagen als Sonderanfertigung. Bei Gel\u00e4ndew\u00e4gen nicht nur zur Leistungssteigerung sinnvoll, sondern auch zur Absenkung der Temperaturen im Motorraum. Ein r\u00fcckstaufreier Auspuff kann mehr W\u00e4rme abtransportieren.<\/p>\n","protected":false},"author":1,"featured_media":0,"parent":0,"menu_order":0,"comment_status":"closed","ping_status":"closed","template":"","meta":{"footnotes":""},"class_list":["post-131","page","type-page","status-publish","hentry"],"_links":{"self":[{"href":"https:\/\/www.weltreisewerkstatt.de\/index.php?rest_route=\/wp\/v2\/pages\/131","targetHints":{"allow":["GET"]}}],"collection":[{"href":"https:\/\/www.weltreisewerkstatt.de\/index.php?rest_route=\/wp\/v2\/pages"}],"about":[{"href":"https:\/\/www.weltreisewerkstatt.de\/index.php?rest_route=\/wp\/v2\/types\/page"}],"author":[{"embeddable":true,"href":"https:\/\/www.weltreisewerkstatt.de\/index.php?rest_route=\/wp\/v2\/users\/1"}],"replies":[{"embeddable":true,"href":"https:\/\/www.weltreisewerkstatt.de\/index.php?rest_route=%2Fwp%2Fv2%2Fcomments&post=131"}],"version-history":[{"count":10,"href":"https:\/\/www.weltreisewerkstatt.de\/index.php?rest_route=\/wp\/v2\/pages\/131\/revisions"}],"predecessor-version":[{"id":303,"href":"https:\/\/www.weltreisewerkstatt.de\/index.php?rest_route=\/wp\/v2\/pages\/131\/revisions\/303"}],"wp:attachment":[{"href":"https:\/\/www.weltreisewerkstatt.de\/index.php?rest_route=%2Fwp%2Fv2%2Fmedia&parent=131"}],"curies":[{"name":"wp","href":"https:\/\/api.w.org\/{rel}","templated":true}]}}